{"id":5854,"date":"2025-01-20T15:17:32","date_gmt":"2025-01-20T15:17:32","guid":{"rendered":"https:\/\/vetfigueiro.pt\/?page_id=5854"},"modified":"2025-01-20T15:37:34","modified_gmt":"2025-01-20T15:37:34","slug":"soraia-lima","status":"publish","type":"page","link":"https:\/\/vetfigueiro.pt\/en\/soraia-lima\/","title":{"rendered":"Ana Oliveira"},"content":{"rendered":"<p class=\"qtranxs-available-languages-message qtranxs-available-languages-message-en\">Sorry, this entry is only available in <a href=\"https:\/\/vetfigueiro.pt\/pt\/wp-json\/wp\/v2\/pages\/5854\" class=\"qtranxs-available-language-link qtranxs-available-language-link-pt\" title=\"Portugu\u00eas\">Portugu\u00eas<\/a>.<\/p>","protected":false},"excerpt":{"rendered":"<p>Sorry, this entry is only available in Portugu\u00eas.<\/p>\n","protected":false},"author":2,"featured_media":5851,"parent":0,"menu_order":0,"comment_status":"closed","ping_status":"closed","template":"","meta":{"footnotes":""},"class_list":["post-5854","page","type-page","status-publish","has-post-thumbnail","hentry"],"yoast_head":"<!-- This site is optimized with the Yoast SEO plugin v26.6 - https:\/\/yoast.com\/wordpress\/plugins\/seo\/ -->\n<title>Soraia Lima | Administrativa VetFigueir\u00f3<\/title>\n<meta name=\"robots\" content=\"index, follow, max-snippet:-1, max-image-preview:large, max-video-preview:-1\" \/>\n<link rel=\"canonical\" href=\"https:\/\/vetfigueiro.pt\/soraia-lima\/\" \/>\n<meta property=\"og:locale\" content=\"en_US\" \/>\n<meta property=\"og:type\" content=\"article\" \/>\n<meta property=\"og:title\" content=\"Soraia Lima | Administrativa VetFigueir\u00f3\" \/>\n<meta property=\"og:description\" content=\"Sorry, this entry is only available in Portugu\u00eas.\" \/>\n<meta property=\"og:url\" content=\"https:\/\/vetfigueiro.pt\/soraia-lima\/\" \/>\n<meta property=\"og:site_name\" content=\"VetFigueir\u00f3\" \/>\n<meta property=\"article:publisher\" content=\"https:\/\/www.facebook.com\/Vetfigueiro\" \/>\n<meta property=\"article:modified_time\" content=\"2025-01-20T15:37:34+00:00\" \/>\n<meta property=\"og:image\" content=\"https:\/\/vetfigueiro.pt\/wp-content\/uploads\/2025\/01\/soraia.webp\" \/>\n\t<meta property=\"og:image:width\" content=\"2560\" \/>\n\t<meta property=\"og:image:height\" content=\"1706\" \/>\n\t<meta property=\"og:image:type\" content=\"image\/webp\" \/>\n<meta name=\"twitter:card\" content=\"summary_large_image\" \/>\n<meta name=\"twitter:label1\" content=\"Est. reading time\" \/>\n\t<meta name=\"twitter:data1\" content=\"1 minute\" \/>\n<script type=\"application\/ld+json\" class=\"yoast-schema-graph\">{\"@context\":\"https:\/\/schema.org\",\"@graph\":[{\"@type\":\"WebPage\",\"@id\":\"https:\/\/vetfigueiro.pt\/soraia-lima\/\",\"url\":\"https:\/\/vetfigueiro.pt\/soraia-lima\/\",\"name\":\"Soraia Lima | Administrativa VetFigueir\u00f3\",\"isPartOf\":{\"@id\":\"https:\/\/vetfigueiro.pt\/#website\"},\"primaryImageOfPage\":{\"@id\":\"https:\/\/vetfigueiro.pt\/soraia-lima\/#primaryimage\"},\"image\":{\"@id\":\"https:\/\/vetfigueiro.pt\/soraia-lima\/#primaryimage\"},\"thumbnailUrl\":\"https:\/\/vetfigueiro.pt\/wp-content\/uploads\/2025\/01\/soraia.webp\",\"datePublished\":\"2025-01-20T15:17:32+00:00\",\"dateModified\":\"2025-01-20T15:37:34+00:00\",\"breadcrumb\":{\"@id\":\"https:\/\/vetfigueiro.pt\/soraia-lima\/#breadcrumb\"},\"inLanguage\":\"en-US\",\"potentialAction\":[{\"@type\":\"ReadAction\",\"target\":[\"https:\/\/vetfigueiro.pt\/soraia-lima\/\"]}]},{\"@type\":\"ImageObject\",\"inLanguage\":\"en-US\",\"@id\":\"https:\/\/vetfigueiro.pt\/soraia-lima\/#primaryimage\",\"url\":\"https:\/\/vetfigueiro.pt\/wp-content\/uploads\/2025\/01\/soraia.webp\",\"contentUrl\":\"https:\/\/vetfigueiro.pt\/wp-content\/uploads\/2025\/01\/soraia.webp\",\"width\":2560,\"height\":1706},{\"@type\":\"BreadcrumbList\",\"@id\":\"https:\/\/vetfigueiro.pt\/soraia-lima\/#breadcrumb\",\"itemListElement\":[{\"@type\":\"ListItem\",\"position\":1,\"name\":\"In\u00edcio\",\"item\":\"https:\/\/vetfigueiro.pt\/\"},{\"@type\":\"ListItem\",\"position\":2,\"name\":\"Soraia Lima\"}]},{\"@type\":\"WebSite\",\"@id\":\"https:\/\/vetfigueiro.pt\/#website\",\"url\":\"https:\/\/vetfigueiro.pt\/\",\"name\":\"VetFigueir\u00f3\",\"description\":\"Servi&ccedil;os Veterin&aacute;rios\",\"publisher\":{\"@id\":\"https:\/\/vetfigueiro.pt\/#organization\"},\"potentialAction\":[{\"@type\":\"SearchAction\",\"target\":{\"@type\":\"EntryPoint\",\"urlTemplate\":\"https:\/\/vetfigueiro.pt\/?s={search_term_string}\"},\"query-input\":{\"@type\":\"PropertyValueSpecification\",\"valueRequired\":true,\"valueName\":\"search_term_string\"}}],\"inLanguage\":\"en-US\"},{\"@type\":\"Organization\",\"@id\":\"https:\/\/vetfigueiro.pt\/#organization\",\"name\":\"VetFigueir\u00f3 - Servi\u00e7os Veterin\u00e1rios\",\"url\":\"https:\/\/vetfigueiro.pt\/\",\"logo\":{\"@type\":\"ImageObject\",\"inLanguage\":\"en-US\",\"@id\":\"https:\/\/vetfigueiro.pt\/#\/schema\/logo\/image\/\",\"url\":\"https:\/\/vetfigueiro.pt\/wp-content\/uploads\/2020\/10\/logo-vet-01-1-1.png\",\"contentUrl\":\"https:\/\/vetfigueiro.pt\/wp-content\/uploads\/2020\/10\/logo-vet-01-1-1.png\",\"width\":6179,\"height\":2779,\"caption\":\"VetFigueir\u00f3 - Servi\u00e7os Veterin\u00e1rios\"},\"image\":{\"@id\":\"https:\/\/vetfigueiro.pt\/#\/schema\/logo\/image\/\"},\"sameAs\":[\"https:\/\/www.facebook.com\/Vetfigueiro\",\"https:\/\/www.instagram.com\/explore\/locations\/745035212330495\/vetfigueiro-vetansiao-centros-veterinarios\/\"]}]}<\/script>\n<!-- \/ Yoast SEO plugin. -->","yoast_head_json":{"title":"Soraia Lima | Administrativa VetFigueir\u00f3","robots":{"index":"index","follow":"follow","max-snippet":"max-snippet:-1","max-image-preview":"max-image-preview:large","max-video-preview":"max-video-preview:-1"},"canonical":"https:\/\/vetfigueiro.pt\/soraia-lima\/","og_locale":"en_US","og_type":"article","og_title":"Soraia Lima | Administrativa VetFigueir\u00f3","og_description":"Sorry, this entry is only available in Portugu\u00eas.","og_url":"https:\/\/vetfigueiro.pt\/soraia-lima\/","og_site_name":"VetFigueir\u00f3","article_publisher":"https:\/\/www.facebook.com\/Vetfigueiro","article_modified_time":"2025-01-20T15:37:34+00:00","og_image":[{"width":2560,"height":1706,"url":"https:\/\/vetfigueiro.pt\/wp-content\/uploads\/2025\/01\/soraia.webp","type":"image\/webp"}],"twitter_card":"summary_large_image","twitter_misc":{"Est. reading time":"1 minute"},"schema":{"@context":"https:\/\/schema.org","@graph":[{"@type":"WebPage","@id":"https:\/\/vetfigueiro.pt\/soraia-lima\/","url":"https:\/\/vetfigueiro.pt\/soraia-lima\/","name":"Soraia Lima | Administrativa VetFigueir\u00f3","isPartOf":{"@id":"https:\/\/vetfigueiro.pt\/#website"},"primaryImageOfPage":{"@id":"https:\/\/vetfigueiro.pt\/soraia-lima\/#primaryimage"},"image":{"@id":"https:\/\/vetfigueiro.pt\/soraia-lima\/#primaryimage"},"thumbnailUrl":"https:\/\/vetfigueiro.pt\/wp-content\/uploads\/2025\/01\/soraia.webp","datePublished":"2025-01-20T15:17:32+00:00","dateModified":"2025-01-20T15:37:34+00:00","breadcrumb":{"@id":"https:\/\/vetfigueiro.pt\/soraia-lima\/#breadcrumb"},"inLanguage":"en-US","potentialAction":[{"@type":"ReadAction","target":["https:\/\/vetfigueiro.pt\/soraia-lima\/"]}]},{"@type":"ImageObject","inLanguage":"en-US","@id":"https:\/\/vetfigueiro.pt\/soraia-lima\/#primaryimage","url":"https:\/\/vetfigueiro.pt\/wp-content\/uploads\/2025\/01\/soraia.webp","contentUrl":"https:\/\/vetfigueiro.pt\/wp-content\/uploads\/2025\/01\/soraia.webp","width":2560,"height":1706},{"@type":"BreadcrumbList","@id":"https:\/\/vetfigueiro.pt\/soraia-lima\/#breadcrumb","itemListElement":[{"@type":"ListItem","position":1,"name":"In\u00edcio","item":"https:\/\/vetfigueiro.pt\/"},{"@type":"ListItem","position":2,"name":"Soraia Lima"}]},{"@type":"WebSite","@id":"https:\/\/vetfigueiro.pt\/#website","url":"https:\/\/vetfigueiro.pt\/","name":"VetFigueir\u00f3","description":"Servi&ccedil;os Veterin&aacute;rios","publisher":{"@id":"https:\/\/vetfigueiro.pt\/#organization"},"potentialAction":[{"@type":"SearchAction","target":{"@type":"EntryPoint","urlTemplate":"https:\/\/vetfigueiro.pt\/?s={search_term_string}"},"query-input":{"@type":"PropertyValueSpecification","valueRequired":true,"valueName":"search_term_string"}}],"inLanguage":"en-US"},{"@type":"Organization","@id":"https:\/\/vetfigueiro.pt\/#organization","name":"VetFigueir\u00f3 - Servi\u00e7os Veterin\u00e1rios","url":"https:\/\/vetfigueiro.pt\/","logo":{"@type":"ImageObject","inLanguage":"en-US","@id":"https:\/\/vetfigueiro.pt\/#\/schema\/logo\/image\/","url":"https:\/\/vetfigueiro.pt\/wp-content\/uploads\/2020\/10\/logo-vet-01-1-1.png","contentUrl":"https:\/\/vetfigueiro.pt\/wp-content\/uploads\/2020\/10\/logo-vet-01-1-1.png","width":6179,"height":2779,"caption":"VetFigueir\u00f3 - Servi\u00e7os Veterin\u00e1rios"},"image":{"@id":"https:\/\/vetfigueiro.pt\/#\/schema\/logo\/image\/"},"sameAs":["https:\/\/www.facebook.com\/Vetfigueiro","https:\/\/www.instagram.com\/explore\/locations\/745035212330495\/vetfigueiro-vetansiao-centros-veterinarios\/"]}]}},"_links":{"self":[{"href":"https:\/\/vetfigueiro.pt\/en\/wp-json\/wp\/v2\/pages\/5854","targetHints":{"allow":["GET"]}}],"collection":[{"href":"https:\/\/vetfigueiro.pt\/en\/wp-json\/wp\/v2\/pages"}],"about":[{"href":"https:\/\/vetfigueiro.pt\/en\/wp-json\/wp\/v2\/types\/page"}],"author":[{"embeddable":true,"href":"https:\/\/vetfigueiro.pt\/en\/wp-json\/wp\/v2\/users\/2"}],"replies":[{"embeddable":true,"href":"https:\/\/vetfigueiro.pt\/en\/wp-json\/wp\/v2\/comments?post=5854"}],"version-history":[{"count":3,"href":"https:\/\/vetfigueiro.pt\/en\/wp-json\/wp\/v2\/pages\/5854\/revisions"}],"predecessor-version":[{"id":5864,"href":"https:\/\/vetfigueiro.pt\/en\/wp-json\/wp\/v2\/pages\/5854\/revisions\/5864"}],"wp:featuredmedia":[{"embeddable":true,"href":"https:\/\/vetfigueiro.pt\/en\/wp-json\/wp\/v2\/media\/5851"}],"wp:attachment":[{"href":"https:\/\/vetfigueiro.pt\/en\/wp-json\/wp\/v2\/media?parent=5854"}],"curies":[{"name":"wp","href":"https:\/\/api.w.org\/{rel}","templated":true}]}}